{"id":443,"date":"2025-08-26T09:02:44","date_gmt":"2025-08-26T09:02:44","guid":{"rendered":"https:\/\/fundicioneslevante.com\/?page_id=443"},"modified":"2026-02-17T16:17:03","modified_gmt":"2026-02-17T16:17:03","slug":"inicio","status":"publish","type":"page","link":"https:\/\/fundicioneslevante.com\/","title":{"rendered":"Inicio"},"content":{"rendered":"\t\t<div data-elementor-type=\"wp-page\" data-elementor-id=\"443\" class=\"elementor elementor-443\">\n\t\t\t\t\t\t<section class=\"elementor-section elementor-top-section elementor-element elementor-element-9adc70c elementor-section-boxed elementor-section-height-default elementor-section-height-default\" data-id=\"9adc70c\" data-element_type=\"section\" data-e-type=\"section\">\n\t\t\t\t\t\t<div class=\"elementor-container elementor-column-gap-default\">\n\t\t\t\t\t<div class=\"elementor-column elementor-col-100 elementor-top-column elementor-element elementor-element-ff93ccc\" data-id=\"ff93ccc\" data-element_type=\"column\" data-e-type=\"column\">\n\t\t\t<div class=\"elementor-widget-wrap elementor-element-populated\">\n\t\t\t\t\t\t<div class=\"elementor-element elementor-element-cd74200 elementor-widget__width-initial elementor-pagination-position-outside elementor-invisible elementor-widget elementor-widget-image-carousel\" data-id=\"cd74200\" data-element_type=\"widget\" data-e-type=\"widget\" data-settings=\"{&quot;slides_to_show&quot;:&quot;1&quot;,&quot;navigation&quot;:&quot;dots&quot;,&quot;_animation&quot;:&quot;fadeInUp&quot;,&quot;autoplay_speed&quot;:3000,&quot;speed&quot;:300,&quot;autoplay&quot;:&quot;yes&quot;,&quot;pause_on_interaction&quot;:&quot;yes&quot;,&quot;infinite&quot;:&quot;yes&quot;,&quot;effect&quot;:&quot;slide&quot;}\" data-widget_type=\"image-carousel.default\">\n\t\t\t\t<div class=\"elementor-widget-container\">\n\t\t\t\t\t\t\t<div class=\"elementor-image-carousel-wrapper swiper\" role=\"region\" aria-roledescription=\"carousel\" aria-label=\"Carrusel de im\u00e1genes\" dir=\"ltr\">\n\t\t\t<div class=\"elementor-image-carousel swiper-wrapper\" aria-live=\"off\">\n\t\t\t\t\t\t\t\t<div class=\"swiper-slide\" role=\"group\" aria-roledescription=\"slide\" aria-label=\"1 de 5\"><figure class=\"swiper-slide-inner\"><img decoding=\"async\" class=\"swiper-slide-image\" src=\"https:\/\/fundicioneslevante.com\/wp-content\/uploads\/2020\/03\/DSC_0084-Mediano-768x512.jpg\" alt=\"DSC_0084 (Mediano)\" \/><\/figure><\/div><div class=\"swiper-slide\" role=\"group\" aria-roledescription=\"slide\" aria-label=\"2 de 5\"><figure class=\"swiper-slide-inner\"><img decoding=\"async\" class=\"swiper-slide-image\" src=\"https:\/\/fundicioneslevante.com\/wp-content\/uploads\/2020\/03\/Trabajo-taller-49-Mediano-768x635.jpg\" alt=\"Trabajo taller-49 (Mediano)\" \/><\/figure><\/div><div class=\"swiper-slide\" role=\"group\" aria-roledescription=\"slide\" aria-label=\"3 de 5\"><figure class=\"swiper-slide-inner\"><img decoding=\"async\" class=\"swiper-slide-image\" src=\"https:\/\/fundicioneslevante.com\/wp-content\/uploads\/2020\/03\/DSC_0112-Mediano-768x512.jpg\" alt=\"DSC_0112 (Mediano)\" \/><\/figure><\/div><div class=\"swiper-slide\" role=\"group\" aria-roledescription=\"slide\" aria-label=\"4 de 5\"><figure class=\"swiper-slide-inner\"><img decoding=\"async\" class=\"swiper-slide-image\" src=\"https:\/\/fundicioneslevante.com\/wp-content\/uploads\/2020\/03\/Trabajo-taller-6-Mediano-768x512.jpg\" alt=\"Trabajo taller-6 (Mediano)\" \/><\/figure><\/div><div class=\"swiper-slide\" role=\"group\" aria-roledescription=\"slide\" aria-label=\"5 de 5\"><figure class=\"swiper-slide-inner\"><img decoding=\"async\" class=\"swiper-slide-image\" src=\"https:\/\/fundicioneslevante.com\/wp-content\/uploads\/2020\/03\/DSC_0178-Mediano-768x512.jpg\" alt=\"DSC_0178 (Mediano)\" \/><\/figure><\/div>\t\t\t<\/div>\n\t\t\t\t\t\t\t\n\t\t\t\t\t\t\t\t\t<div class=\"swiper-pagination\"><\/div>\n\t\t\t\t\t\t\t\t\t<\/div>\n\t\t\t\t\t\t<\/div>\n\t\t\t\t<\/div>\n\t\t\t\t\t<\/div>\n\t\t<\/div>\n\t\t\t\t\t<\/div>\n\t\t<\/section>\n\t\t\t\t<section class=\"elementor-section elementor-top-section elementor-element elementor-element-1c83e87 elementor-section-boxed elementor-section-height-default elementor-section-height-default\" data-id=\"1c83e87\" data-element_type=\"section\" data-e-type=\"section\">\n\t\t\t\t\t\t<div class=\"elementor-container elementor-column-gap-default\">\n\t\t\t\t\t<div class=\"elementor-column elementor-col-100 elementor-top-column elementor-element elementor-element-45161fb\" data-id=\"45161fb\" data-element_type=\"column\" data-e-type=\"column\">\n\t\t\t<div class=\"elementor-widget-wrap elementor-element-populated\">\n\t\t\t\t\t\t<div class=\"elementor-element elementor-element-278b95a elementor-widget elementor-widget-spacer\" data-id=\"278b95a\" data-element_type=\"widget\" data-e-type=\"widget\" data-widget_type=\"spacer.default\">\n\t\t\t\t<div class=\"elementor-widget-container\">\n\t\t\t\t\t\t\t<div class=\"elementor-spacer\">\n\t\t\t<div class=\"elementor-spacer-inner\"><\/div>\n\t\t<\/div>\n\t\t\t\t\t\t<\/div>\n\t\t\t\t<\/div>\n\t\t\t\t\t<\/div>\n\t\t<\/div>\n\t\t\t\t\t<\/div>\n\t\t<\/section>\n\t\t\t\t<section class=\"elementor-section elementor-top-section elementor-element elementor-element-ff02e4c elementor-section-boxed elementor-section-height-default elementor-section-height-default\" data-id=\"ff02e4c\" data-element_type=\"section\" data-e-type=\"section\" data-settings=\"{&quot;background_background&quot;:&quot;classic&quot;}\">\n\t\t\t\t\t\t<div class=\"elementor-container elementor-column-gap-default\">\n\t\t\t\t\t<div class=\"elementor-column elementor-col-100 elementor-top-column elementor-element elementor-element-e763c5e\" data-id=\"e763c5e\" data-element_type=\"column\" data-e-type=\"column\">\n\t\t\t<div class=\"elementor-widget-wrap elementor-element-populated\">\n\t\t\t\t\t\t<div class=\"elementor-element elementor-element-5ae3658 elementor-widget__width-initial elementor-position-top elementor-invisible elementor-widget elementor-widget-image-box\" data-id=\"5ae3658\" data-element_type=\"widget\" data-e-type=\"widget\" data-settings=\"{&quot;_animation&quot;:&quot;fadeInLeft&quot;}\" data-widget_type=\"image-box.default\">\n\t\t\t\t<div class=\"elementor-widget-container\">\n\t\t\t\t\t<div class=\"elementor-image-box-wrapper\"><figure class=\"elementor-image-box-img\"><img fetchpriority=\"high\" decoding=\"async\" width=\"1024\" height=\"683\" src=\"https:\/\/fundicioneslevante.com\/wp-content\/uploads\/2020\/03\/DSC_0112-Mediano-1024x683.jpg\" class=\"attachment-large size-large wp-image-78\" alt=\"\" srcset=\"https:\/\/fundicioneslevante.com\/wp-content\/uploads\/2020\/03\/DSC_0112-Mediano-1024x683.jpg 1024w, https:\/\/fundicioneslevante.com\/wp-content\/uploads\/2020\/03\/DSC_0112-Mediano-300x200.jpg 300w, https:\/\/fundicioneslevante.com\/wp-content\/uploads\/2020\/03\/DSC_0112-Mediano-768x512.jpg 768w, https:\/\/fundicioneslevante.com\/wp-content\/uploads\/2020\/03\/DSC_0112-Mediano-750x500.jpg 750w, https:\/\/fundicioneslevante.com\/wp-content\/uploads\/2020\/03\/DSC_0112-Mediano-1140x760.jpg 1140w, https:\/\/fundicioneslevante.com\/wp-content\/uploads\/2020\/03\/DSC_0112-Mediano.jpg 1152w\" sizes=\"(max-width: 1024px) 100vw, 1024px\" \/><\/figure><div class=\"elementor-image-box-content\"><h3 class=\"elementor-image-box-title\">MECANIZADOS<\/h3><p class=\"elementor-image-box-description\">Ofrecemos servicios de mecanizado de piezas de alta precisi\u00f3n, adaptados a las necesidades de cada cliente. Trabajamos con tecnolog\u00eda avanzada y materiales diversos, garantizando exactitud, acabados de calidad y cumplimiento en tiempos de entrega.<\/p><\/div><\/div>\t\t\t\t<\/div>\n\t\t\t\t<\/div>\n\t\t\t\t<div class=\"elementor-element elementor-element-1273588 elementor-widget__width-initial elementor-position-top elementor-invisible elementor-widget elementor-widget-image-box\" data-id=\"1273588\" data-element_type=\"widget\" data-e-type=\"widget\" data-settings=\"{&quot;_animation&quot;:&quot;fadeInUp&quot;}\" data-widget_type=\"image-box.default\">\n\t\t\t\t<div class=\"elementor-widget-container\">\n\t\t\t\t\t<div class=\"elementor-image-box-wrapper\"><figure class=\"elementor-image-box-img\"><img decoding=\"async\" width=\"683\" height=\"1024\" src=\"https:\/\/fundicioneslevante.com\/wp-content\/uploads\/2020\/03\/Trabajo-taller-51-Mediano-683x1024.jpg\" class=\"attachment-large size-large wp-image-86\" alt=\"\" srcset=\"https:\/\/fundicioneslevante.com\/wp-content\/uploads\/2020\/03\/Trabajo-taller-51-Mediano-683x1024.jpg 683w, https:\/\/fundicioneslevante.com\/wp-content\/uploads\/2020\/03\/Trabajo-taller-51-Mediano-200x300.jpg 200w, https:\/\/fundicioneslevante.com\/wp-content\/uploads\/2020\/03\/Trabajo-taller-51-Mediano-750x1125.jpg 750w, https:\/\/fundicioneslevante.com\/wp-content\/uploads\/2020\/03\/Trabajo-taller-51-Mediano.jpg 768w\" sizes=\"(max-width: 683px) 100vw, 683px\" \/><\/figure><div class=\"elementor-image-box-content\"><h3 class=\"elementor-image-box-title\">PINTURA<\/h3><p class=\"elementor-image-box-description\">Somos especialistas en recubrimientos de metales mediante pintura en polvo, ofreciendo soluciones duraderas, est\u00e9ticas y de alto rendimiento. Nuestro proceso garantiza un acabado uniforme, resistente y libre de imperfecciones, adaptado a las exigencias de la industria moderna.\n\nLa pintura en polvo aporta beneficios clave en la calidad de los acabados:<br>\n\n<b>-M\u00e1xima resistencia a la corrosi\u00f3n, impactos, rayaduras y condiciones clim\u00e1ticas extremas.<\/b>\n\n<b>-Uniformidad de color y textura, evitando escurrimientos o burbujas propias de la pintura l\u00edquida.<\/b>\n<b>\n-Durabilidad superior, manteniendo su apariencia y protecci\u00f3n durante m\u00e1s tiempo.\n\n-Eficiencia y sostenibilidad, al ser un proceso libre de solventes y con un aprovechamiento casi total del material aplicado.\n\n-Variedad de acabados y colores, desde terminaciones brillantes y mates hasta texturizadas y especiales.<\/b><\/p><\/div><\/div>\t\t\t\t<\/div>\n\t\t\t\t<\/div>\n\t\t\t\t<div class=\"elementor-element elementor-element-57f9d69 elementor-widget__width-initial elementor-position-top elementor-invisible elementor-widget elementor-widget-image-box\" data-id=\"57f9d69\" data-element_type=\"widget\" data-e-type=\"widget\" data-settings=\"{&quot;_animation&quot;:&quot;fadeInRight&quot;}\" data-widget_type=\"image-box.default\">\n\t\t\t\t<div class=\"elementor-widget-container\">\n\t\t\t\t\t<div class=\"elementor-image-box-wrapper\"><figure class=\"elementor-image-box-img\"><img decoding=\"async\" width=\"1024\" height=\"683\" src=\"https:\/\/fundicioneslevante.com\/wp-content\/uploads\/2020\/03\/Trabajo-taller-6-Mediano-1024x683.jpg\" class=\"attachment-large size-large wp-image-84\" alt=\"\" srcset=\"https:\/\/fundicioneslevante.com\/wp-content\/uploads\/2020\/03\/Trabajo-taller-6-Mediano-1024x683.jpg 1024w, https:\/\/fundicioneslevante.com\/wp-content\/uploads\/2020\/03\/Trabajo-taller-6-Mediano-300x200.jpg 300w, https:\/\/fundicioneslevante.com\/wp-content\/uploads\/2020\/03\/Trabajo-taller-6-Mediano-768x512.jpg 768w, https:\/\/fundicioneslevante.com\/wp-content\/uploads\/2020\/03\/Trabajo-taller-6-Mediano-750x500.jpg 750w, https:\/\/fundicioneslevante.com\/wp-content\/uploads\/2020\/03\/Trabajo-taller-6-Mediano-1140x760.jpg 1140w, https:\/\/fundicioneslevante.com\/wp-content\/uploads\/2020\/03\/Trabajo-taller-6-Mediano.jpg 1152w\" sizes=\"(max-width: 1024px) 100vw, 1024px\" \/><\/figure><div class=\"elementor-image-box-content\"><h3 class=\"elementor-image-box-title\">FUNDICI\u00d3N DE METALES<\/h3><p class=\"elementor-image-box-description\">En C.F.L nos dedicamos a la fundici\u00f3n de metales, especialmente zamak, ofreciendo soluciones integrales para la fabricaci\u00f3n de piezas a trav\u00e9s de moldes de alta precisi\u00f3n. Nuestro proceso combina tecnolog\u00eda avanzada con un estricto control de calidad, lo que nos permite producir componentes con gran detalle, excelente resistencia y una repetitividad constante en cada serie de producci\u00f3n.<\/p><\/div><\/div>\t\t\t\t<\/div>\n\t\t\t\t<\/div>\n\t\t\t\t<div class=\"elementor-element elementor-element-3e745eb elementor-widget elementor-widget-spacer\" data-id=\"3e745eb\" data-element_type=\"widget\" data-e-type=\"widget\" data-widget_type=\"spacer.default\">\n\t\t\t\t<div class=\"elementor-widget-container\">\n\t\t\t\t\t\t\t<div class=\"elementor-spacer\">\n\t\t\t<div class=\"elementor-spacer-inner\"><\/div>\n\t\t<\/div>\n\t\t\t\t\t\t<\/div>\n\t\t\t\t<\/div>\n\t\t\t\t\t<\/div>\n\t\t<\/div>\n\t\t\t\t\t<\/div>\n\t\t<\/section>\n\t\t\t\t<section class=\"elementor-section elementor-top-section elementor-element elementor-element-f467582 elementor-section-boxed elementor-section-height-default elementor-section-height-default\" data-id=\"f467582\" data-element_type=\"section\" data-e-type=\"section\">\n\t\t\t\t\t\t<div class=\"elementor-container elementor-column-gap-default\">\n\t\t\t\t\t<div class=\"elementor-column elementor-col-100 elementor-top-column elementor-element elementor-element-c89374e\" data-id=\"c89374e\" data-element_type=\"column\" data-e-type=\"column\">\n\t\t\t<div class=\"elementor-widget-wrap elementor-element-populated\">\n\t\t\t\t\t\t<div class=\"elementor-element elementor-element-47cf3ec elementor-widget elementor-widget-spacer\" data-id=\"47cf3ec\" data-element_type=\"widget\" data-e-type=\"widget\" data-widget_type=\"spacer.default\">\n\t\t\t\t<div class=\"elementor-widget-container\">\n\t\t\t\t\t\t\t<div class=\"elementor-spacer\">\n\t\t\t<div class=\"elementor-spacer-inner\"><\/div>\n\t\t<\/div>\n\t\t\t\t\t\t<\/div>\n\t\t\t\t<\/div>\n\t\t\t\t\t<\/div>\n\t\t<\/div>\n\t\t\t\t\t<\/div>\n\t\t<\/section>\n\t\t\t\t<section class=\"elementor-section elementor-top-section elementor-element elementor-element-26da23d elementor-section-boxed elementor-section-height-default elementor-section-height-default\" data-id=\"26da23d\" data-element_type=\"section\" data-e-type=\"section\">\n\t\t\t\t\t\t<div class=\"elementor-container elementor-column-gap-default\">\n\t\t\t\t\t<div class=\"elementor-column elementor-col-100 elementor-top-column elementor-element elementor-element-af7111b\" data-id=\"af7111b\" data-element_type=\"column\" data-e-type=\"column\">\n\t\t\t<div class=\"elementor-widget-wrap elementor-element-populated\">\n\t\t\t\t\t\t<div class=\"elementor-element elementor-element-73630cd elementor-position-top elementor-widget elementor-widget-image-box\" data-id=\"73630cd\" data-element_type=\"widget\" data-e-type=\"widget\" data-widget_type=\"image-box.default\">\n\t\t\t\t<div class=\"elementor-widget-container\">\n\t\t\t\t\t<div class=\"elementor-image-box-wrapper\"><figure class=\"elementor-image-box-img\"><img loading=\"lazy\" decoding=\"async\" width=\"610\" height=\"410\" src=\"https:\/\/fundicioneslevante.com\/wp-content\/uploads\/2025\/08\/zamak.jpg\" class=\"attachment-full size-full wp-image-445\" alt=\"\" srcset=\"https:\/\/fundicioneslevante.com\/wp-content\/uploads\/2025\/08\/zamak.jpg 610w, https:\/\/fundicioneslevante.com\/wp-content\/uploads\/2025\/08\/zamak-300x202.jpg 300w\" sizes=\"(max-width: 610px) 100vw, 610px\" \/><\/figure><div class=\"elementor-image-box-content\"><h3 class=\"elementor-image-box-title\">\u00bfQU\u00c9 ES EL ZAMAK?<\/h3><p class=\"elementor-image-box-description\">El zamak es una aleaci\u00f3n de zinc con aluminio, magnesio y cobre, utilizada ampliamente en la fundici\u00f3n a presi\u00f3n gracias a su versatilidad y excelentes propiedades mec\u00e1nicas. Su nombre proviene de la combinaci\u00f3n de las iniciales de sus elementos en alem\u00e1n (Zink, Aluminium, Magnesium, Kupfer).\n\nEste material se distingue por:\n\n<b>Alta resistencia y durabilidad<\/b>, ideal para piezas sometidas a uso frecuente como <b>accesorios de ba\u00f1o y herrajes de mobiliario<\/b>.\n\nPrecisi\u00f3n dimensional, permitiendo fabricar componentes con gran detalle y <b>acabados finos<\/b>.\n\nVersatilidad en el dise\u00f1o, ya que posibilita la <b>creaci\u00f3n de formas complejas <\/b>que ser\u00edan dif\u00edciles o costosas de producir con otros materiales.\n\nExcelente comportamiento en acabados superficiales, como <b>cromados, lacados o pinturas<\/b>, lo que aporta est\u00e9tica y protecci\u00f3n adicional.\n\nRelaci\u00f3n <b>costo-beneficio favorable<\/b>, gracias a su facilidad de moldeo y eficiencia en la producci\u00f3n en serie.\n\nPor estas razones, el zamak se ha consolidado como un material de referencia en la fabricaci\u00f3n de accesorios de ba\u00f1o, herrajes para muebles, elementos decorativos e industriales, combinando resistencia, est\u00e9tica y econom\u00eda en un mismo producto.<\/p><\/div><\/div>\t\t\t\t<\/div>\n\t\t\t\t<\/div>\n\t\t\t\t\t<\/div>\n\t\t<\/div>\n\t\t\t\t\t<\/div>\n\t\t<\/section>\n\t\t\t\t<section class=\"elementor-section elementor-top-section elementor-element elementor-element-cdf3330 elementor-section-boxed elementor-section-height-default elementor-section-height-default\" data-id=\"cdf3330\" data-element_type=\"section\" data-e-type=\"section\">\n\t\t\t\t\t\t<div class=\"elementor-container elementor-column-gap-default\">\n\t\t\t\t\t<div class=\"elementor-column elementor-col-100 elementor-top-column elementor-element elementor-element-930a34e\" data-id=\"930a34e\" data-element_type=\"column\" data-e-type=\"column\">\n\t\t\t<div class=\"elementor-widget-wrap elementor-element-populated\">\n\t\t\t\t\t\t<div class=\"elementor-element elementor-element-3a5a26e elementor-widget elementor-widget-spacer\" data-id=\"3a5a26e\" data-element_type=\"widget\" data-e-type=\"widget\" data-widget_type=\"spacer.default\">\n\t\t\t\t<div class=\"elementor-widget-container\">\n\t\t\t\t\t\t\t<div class=\"elementor-spacer\">\n\t\t\t<div class=\"elementor-spacer-inner\"><\/div>\n\t\t<\/div>\n\t\t\t\t\t\t<\/div>\n\t\t\t\t<\/div>\n\t\t\t\t<div class=\"elementor-element elementor-element-5fdb8ca elementor-widget__width-initial elementor-widget elementor-widget-image\" data-id=\"5fdb8ca\" data-element_type=\"widget\" data-e-type=\"widget\" data-widget_type=\"image.default\">\n\t\t\t\t<div class=\"elementor-widget-container\">\n\t\t\t\t\t\t\t\t\t\t\t\t\t\t\t<img loading=\"lazy\" decoding=\"async\" width=\"768\" height=\"543\" src=\"https:\/\/fundicioneslevante.com\/wp-content\/uploads\/2024\/10\/Anexo03bCARTEL_PROYECTOS_COMPONENTE_71_001-768x543.png\" class=\"attachment-medium_large size-medium_large wp-image-319\" alt=\"\" srcset=\"https:\/\/fundicioneslevante.com\/wp-content\/uploads\/2024\/10\/Anexo03bCARTEL_PROYECTOS_COMPONENTE_71_001-768x543.png 768w, https:\/\/fundicioneslevante.com\/wp-content\/uploads\/2024\/10\/Anexo03bCARTEL_PROYECTOS_COMPONENTE_71_001-300x212.png 300w, https:\/\/fundicioneslevante.com\/wp-content\/uploads\/2024\/10\/Anexo03bCARTEL_PROYECTOS_COMPONENTE_71_001-120x86.png 120w, https:\/\/fundicioneslevante.com\/wp-content\/uploads\/2024\/10\/Anexo03bCARTEL_PROYECTOS_COMPONENTE_71_001-750x530.png 750w, https:\/\/fundicioneslevante.com\/wp-content\/uploads\/2024\/10\/Anexo03bCARTEL_PROYECTOS_COMPONENTE_71_001.png 842w\" sizes=\"(max-width: 768px) 100vw, 768px\" \/>\t\t\t\t\t\t\t\t\t\t\t\t\t\t\t<\/div>\n\t\t\t\t<\/div>\n\t\t\t\t\t<\/div>\n\t\t<\/div>\n\t\t\t\t\t<\/div>\n\t\t<\/section>\n\t\t\t\t<\/div>\n\t\t","protected":false},"excerpt":{"rendered":"<p>MECANIZADOS Ofrecemos servicios de mecanizado de piezas de alta precisi\u00f3n, adaptados a las necesidades de cada cliente. Trabajamos con tecnolog\u00eda [&hellip;]<\/p>\n","protected":false},"author":1,"featured_media":0,"parent":0,"menu_order":0,"comment_status":"closed","ping_status":"closed","template":"","meta":{"_exactmetrics_skip_tracking":false,"_exactmetrics_sitenote_active":false,"_exactmetrics_sitenote_note":"","_exactmetrics_sitenote_category":0,"site-sidebar-layout":"default","site-content-layout":"","ast-site-content-layout":"default","site-content-style":"default","site-sidebar-style":"default","ast-global-header-display":"","ast-banner-title-visibility":"","ast-main-header-display":"","ast-hfb-above-header-display":"","ast-hfb-below-header-display":"","ast-hfb-mobile-header-display":"","site-post-title":"disabled","ast-breadcrumbs-content":"","ast-featured-img":"","footer-sml-layout":"","ast-disable-related-posts":"","theme-transparent-header-meta":"","adv-header-id-meta":"","stick-header-meta":"","header-above-stick-meta":"","header-main-stick-meta":"","header-below-stick-meta":"","astra-migrate-meta-layouts":"default","ast-page-background-enabled":"default","ast-page-background-meta":{"desktop":{"background-color":"var(--ast-global-color-5)","background-image":"","background-repeat":"repeat","background-position":"center center","background-size":"auto","background-attachment":"scroll","background-type":"","background-media":"","overlay-type":"","overlay-color":"","overlay-opacity":"","overlay-gradient":""},"tablet":{"background-color":"","background-image":"","background-repeat":"repeat","background-position":"center center","background-size":"auto","background-attachment":"scroll","background-type":"","background-media":"","overlay-type":"","overlay-color":"","overlay-opacity":"","overlay-gradient":""},"mobile":{"background-color":"","background-image":"","background-repeat":"repeat","background-position":"center center","background-size":"auto","background-attachment":"scroll","background-type":"","background-media":"","overlay-type":"","overlay-color":"","overlay-opacity":"","overlay-gradient":""}},"ast-content-background-meta":{"desktop":{"background-color":"var(--ast-global-color-4)","background-image":"","background-repeat":"repeat","background-position":"center center","background-size":"auto","background-attachment":"scroll","background-type":"","background-media":"","overlay-type":"","overlay-color":"","overlay-opacity":"","overlay-gradient":""},"tablet":{"background-color":"var(--ast-global-color-4)","background-image":"","background-repeat":"repeat","background-position":"center center","background-size":"auto","background-attachment":"scroll","background-type":"","background-media":"","overlay-type":"","overlay-color":"","overlay-opacity":"","overlay-gradient":""},"mobile":{"background-color":"var(--ast-global-color-4)","background-image":"","background-repeat":"repeat","background-position":"center center","background-size":"auto","background-attachment":"scroll","background-type":"","background-media":"","overlay-type":"","overlay-color":"","overlay-opacity":"","overlay-gradient":""}},"footnotes":""},"class_list":["post-443","page","type-page","status-publish","hentry"],"jetpack_sharing_enabled":true,"_links":{"self":[{"href":"https:\/\/fundicioneslevante.com\/index.php?rest_route=\/wp\/v2\/pages\/443","targetHints":{"allow":["GET"]}}],"collection":[{"href":"https:\/\/fundicioneslevante.com\/index.php?rest_route=\/wp\/v2\/pages"}],"about":[{"href":"https:\/\/fundicioneslevante.com\/index.php?rest_route=\/wp\/v2\/types\/page"}],"author":[{"embeddable":true,"href":"https:\/\/fundicioneslevante.com\/index.php?rest_route=\/wp\/v2\/users\/1"}],"replies":[{"embeddable":true,"href":"https:\/\/fundicioneslevante.com\/index.php?rest_route=%2Fwp%2Fv2%2Fcomments&post=443"}],"version-history":[{"count":25,"href":"https:\/\/fundicioneslevante.com\/index.php?rest_route=\/wp\/v2\/pages\/443\/revisions"}],"predecessor-version":[{"id":533,"href":"https:\/\/fundicioneslevante.com\/index.php?rest_route=\/wp\/v2\/pages\/443\/revisions\/533"}],"wp:attachment":[{"href":"https:\/\/fundicioneslevante.com\/index.php?rest_route=%2Fwp%2Fv2%2Fmedia&parent=443"}],"curies":[{"name":"wp","href":"https:\/\/api.w.org\/{rel}","templated":true}]}}