{"id":380,"date":"2025-08-05T09:54:38","date_gmt":"2025-08-05T09:54:38","guid":{"rendered":"https:\/\/fundicioneslevante.com\/?page_id=380"},"modified":"2025-08-22T10:57:54","modified_gmt":"2025-08-22T10:57:54","slug":"c-f-l-decor","status":"publish","type":"page","link":"https:\/\/fundicioneslevante.com\/?page_id=380","title":{"rendered":""},"content":{"rendered":"\t\t<div data-elementor-type=\"wp-page\" data-elementor-id=\"380\" class=\"elementor elementor-380\">\n\t\t\t\t\t\t<section class=\"elementor-section elementor-top-section elementor-element elementor-element-63c86853 elementor-section-boxed elementor-section-height-default elementor-section-height-default\" data-id=\"63c86853\" data-element_type=\"section\" data-e-type=\"section\">\n\t\t\t\t\t\t<div class=\"elementor-container elementor-column-gap-default\">\n\t\t\t\t\t<div class=\"elementor-column elementor-col-100 elementor-top-column elementor-element elementor-element-1267467b\" data-id=\"1267467b\" data-element_type=\"column\" data-e-type=\"column\">\n\t\t\t<div class=\"elementor-widget-wrap elementor-element-populated\">\n\t\t\t\t\t\t<div class=\"elementor-element elementor-element-30260da elementor-widget__width-initial elementor-widget elementor-widget-image\" data-id=\"30260da\" data-element_type=\"widget\" data-e-type=\"widget\" data-widget_type=\"image.default\">\n\t\t\t\t<div class=\"elementor-widget-container\">\n\t\t\t\t\t\t\t\t\t\t\t\t\t\t\t<img fetchpriority=\"high\" decoding=\"async\" width=\"1024\" height=\"768\" src=\"https:\/\/fundicioneslevante.com\/wp-content\/uploads\/2025\/08\/escudo-CFL-DECOR-2025_page-0001-e1755860035210-1024x768.jpg\" class=\"attachment-large size-large wp-image-431\" alt=\"\" srcset=\"https:\/\/fundicioneslevante.com\/wp-content\/uploads\/2025\/08\/escudo-CFL-DECOR-2025_page-0001-e1755860035210-1024x768.jpg 1024w, https:\/\/fundicioneslevante.com\/wp-content\/uploads\/2025\/08\/escudo-CFL-DECOR-2025_page-0001-e1755860035210-300x225.jpg 300w, https:\/\/fundicioneslevante.com\/wp-content\/uploads\/2025\/08\/escudo-CFL-DECOR-2025_page-0001-e1755860035210-768x576.jpg 768w, https:\/\/fundicioneslevante.com\/wp-content\/uploads\/2025\/08\/escudo-CFL-DECOR-2025_page-0001-e1755860035210-1536x1152.jpg 1536w, https:\/\/fundicioneslevante.com\/wp-content\/uploads\/2025\/08\/escudo-CFL-DECOR-2025_page-0001-e1755860035210-750x562.jpg 750w, https:\/\/fundicioneslevante.com\/wp-content\/uploads\/2025\/08\/escudo-CFL-DECOR-2025_page-0001-e1755860035210-1140x855.jpg 1140w, https:\/\/fundicioneslevante.com\/wp-content\/uploads\/2025\/08\/escudo-CFL-DECOR-2025_page-0001-e1755860035210.jpg 1563w\" sizes=\"(max-width: 1024px) 100vw, 1024px\" \/>\t\t\t\t\t\t\t\t\t\t\t\t\t\t\t<\/div>\n\t\t\t\t<\/div>\n\t\t\t\t<div class=\"elementor-element elementor-element-7b87701 elementor-widget-divider--view-line elementor-widget elementor-widget-divider\" data-id=\"7b87701\" data-element_type=\"widget\" data-e-type=\"widget\" data-widget_type=\"divider.default\">\n\t\t\t\t<div class=\"elementor-widget-container\">\n\t\t\t\t\t\t\t<div class=\"elementor-divider\">\n\t\t\t<span class=\"elementor-divider-separator\">\n\t\t\t\t\t\t<\/span>\n\t\t<\/div>\n\t\t\t\t\t\t<\/div>\n\t\t\t\t<\/div>\n\t\t\t\t<div class=\"elementor-element elementor-element-4464051d elementor-widget elementor-widget-text-editor\" data-id=\"4464051d\" data-element_type=\"widget\" data-e-type=\"widget\" data-widget_type=\"text-editor.default\">\n\t\t\t\t<div class=\"elementor-widget-container\">\n\t\t\t\t\t\t\t\t\t\n<p>En C.F.L &#8211; DECOR, combinamos la tradici\u00f3n de la fundici\u00f3n de metales con la creatividad del dise\u00f1o contempor\u00e1neo. Nuestra colecci\u00f3n de <strong>piezas de dise\u00f1o <\/strong>incluye <strong>servilleteros, portavasos, centros de mesa, porta utensilios<\/strong> y otros accesorios decorativos, elaborados con precisi\u00f3n y un acabado elegante. Cada pieza es el resultado de un proceso artesanal que garantiza durabilidad, funcionalidad y estilo.<br \/>Ideales para hogares modernos, restaurantes o como regalos originales, nuestras creaciones reflejan el equilibrio perfecto entre forma y funci\u00f3n.<br \/>Explora nuestra l\u00ednea de dise\u00f1o en metal y transforma tu cocina con detalles \u00fanicos y sofisticados.<\/p>\n\n<p>\u00a0<\/p>\n\t\t\t\t\t\t\t\t<\/div>\n\t\t\t\t<\/div>\n\t\t\t\t\t<\/div>\n\t\t<\/div>\n\t\t\t\t\t<\/div>\n\t\t<\/section>\n\t\t\t\t<section class=\"elementor-section elementor-top-section elementor-element elementor-element-3fc5a13 elementor-section-boxed elementor-section-height-default elementor-section-height-default\" data-id=\"3fc5a13\" data-element_type=\"section\" data-e-type=\"section\">\n\t\t\t\t\t\t<div class=\"elementor-container elementor-column-gap-default\">\n\t\t\t\t\t<div class=\"elementor-column elementor-col-100 elementor-top-column elementor-element elementor-element-ed95d2f\" data-id=\"ed95d2f\" data-element_type=\"column\" data-e-type=\"column\">\n\t\t\t<div class=\"elementor-widget-wrap elementor-element-populated\">\n\t\t\t\t\t\t<div class=\"elementor-element elementor-element-7b2240a elementor-widget elementor-widget-button\" data-id=\"7b2240a\" data-element_type=\"widget\" data-e-type=\"widget\" data-widget_type=\"button.default\">\n\t\t\t\t<div class=\"elementor-widget-container\">\n\t\t\t\t\t\t\t\t\t<div class=\"elementor-button-wrapper\">\n\t\t\t\t\t<a class=\"elementor-button elementor-button-link elementor-size-sm\" href=\"https:\/\/drive.google.com\/uc?export=download&#038;id=1ZFdPF6Z8E-QSeITQsUy-OgbOS3exLBE4\">\n\t\t\t\t\t\t<span class=\"elementor-button-content-wrapper\">\n\t\t\t\t\t\t\t\t\t<span class=\"elementor-button-text\">DESCARGA EL CAT\u00c1LOGO<\/span>\n\t\t\t\t\t<\/span>\n\t\t\t\t\t<\/a>\n\t\t\t\t<\/div>\n\t\t\t\t\t\t\t\t<\/div>\n\t\t\t\t<\/div>\n\t\t\t\t\t<\/div>\n\t\t<\/div>\n\t\t\t\t\t<\/div>\n\t\t<\/section>\n\t\t\t\t<\/div>\n\t\t","protected":false},"excerpt":{"rendered":"<p>En C.F.L &#8211; DECOR, combinamos la tradici\u00f3n de la fundici\u00f3n de metales con la creatividad del dise\u00f1o contempor\u00e1neo. Nuestra colecci\u00f3n [&hellip;]<\/p>\n","protected":false},"author":1,"featured_media":0,"parent":0,"menu_order":0,"comment_status":"closed","ping_status":"closed","template":"","meta":{"_exactmetrics_skip_tracking":false,"_exactmetrics_sitenote_active":false,"_exactmetrics_sitenote_note":"","_exactmetrics_sitenote_category":0,"site-sidebar-layout":"default","site-content-layout":"","ast-site-content-layout":"default","site-content-style":"default","site-sidebar-style":"default","ast-global-header-display":"","ast-banner-title-visibility":"","ast-main-header-display":"","ast-hfb-above-header-display":"","ast-hfb-below-header-display":"","ast-hfb-mobile-header-display":"","site-post-title":"","ast-breadcrumbs-content":"","ast-featured-img":"","footer-sml-layout":"","ast-disable-related-posts":"","theme-transparent-header-meta":"","adv-header-id-meta":"","stick-header-meta":"","header-above-stick-meta":"","header-main-stick-meta":"","header-below-stick-meta":"","astra-migrate-meta-layouts":"default","ast-page-background-enabled":"default","ast-page-background-meta":{"desktop":{"background-color":"var(--ast-global-color-5)","background-image":"","background-repeat":"repeat","background-position":"center center","background-size":"auto","background-attachment":"scroll","background-type":"","background-media":"","overlay-type":"","overlay-color":"","overlay-opacity":"","overlay-gradient":""},"tablet":{"background-color":"","background-image":"","background-repeat":"repeat","background-position":"center center","background-size":"auto","background-attachment":"scroll","background-type":"","background-media":"","overlay-type":"","overlay-color":"","overlay-opacity":"","overlay-gradient":""},"mobile":{"background-color":"","background-image":"","background-repeat":"repeat","background-position":"center center","background-size":"auto","background-attachment":"scroll","background-type":"","background-media":"","overlay-type":"","overlay-color":"","overlay-opacity":"","overlay-gradient":""}},"ast-content-background-meta":{"desktop":{"background-color":"var(--ast-global-color-4)","background-image":"","background-repeat":"repeat","background-position":"center center","background-size":"auto","background-attachment":"scroll","background-type":"","background-media":"","overlay-type":"","overlay-color":"","overlay-opacity":"","overlay-gradient":""},"tablet":{"background-color":"var(--ast-global-color-4)","background-image":"","background-repeat":"repeat","background-position":"center center","background-size":"auto","background-attachment":"scroll","background-type":"","background-media":"","overlay-type":"","overlay-color":"","overlay-opacity":"","overlay-gradient":""},"mobile":{"background-color":"var(--ast-global-color-4)","background-image":"","background-repeat":"repeat","background-position":"center center","background-size":"auto","background-attachment":"scroll","background-type":"","background-media":"","overlay-type":"","overlay-color":"","overlay-opacity":"","overlay-gradient":""}},"footnotes":""},"class_list":["post-380","page","type-page","status-publish","hentry"],"jetpack_sharing_enabled":true,"_links":{"self":[{"href":"https:\/\/fundicioneslevante.com\/index.php?rest_route=\/wp\/v2\/pages\/380","targetHints":{"allow":["GET"]}}],"collection":[{"href":"https:\/\/fundicioneslevante.com\/index.php?rest_route=\/wp\/v2\/pages"}],"about":[{"href":"https:\/\/fundicioneslevante.com\/index.php?rest_route=\/wp\/v2\/types\/page"}],"author":[{"embeddable":true,"href":"https:\/\/fundicioneslevante.com\/index.php?rest_route=\/wp\/v2\/users\/1"}],"replies":[{"embeddable":true,"href":"https:\/\/fundicioneslevante.com\/index.php?rest_route=%2Fwp%2Fv2%2Fcomments&post=380"}],"version-history":[{"count":15,"href":"https:\/\/fundicioneslevante.com\/index.php?rest_route=\/wp\/v2\/pages\/380\/revisions"}],"predecessor-version":[{"id":438,"href":"https:\/\/fundicioneslevante.com\/index.php?rest_route=\/wp\/v2\/pages\/380\/revisions\/438"}],"wp:attachment":[{"href":"https:\/\/fundicioneslevante.com\/index.php?rest_route=%2Fwp%2Fv2%2Fmedia&parent=380"}],"curies":[{"name":"wp","href":"https:\/\/api.w.org\/{rel}","templated":true}]}}