{"id":207,"date":"2020-04-21T16:58:00","date_gmt":"2020-04-21T16:58:00","guid":{"rendered":"https:\/\/fundicioneslevante.com\/?page_id=207"},"modified":"2025-08-04T09:08:47","modified_gmt":"2025-08-04T09:08:47","slug":"privacidad","status":"publish","type":"page","link":"https:\/\/fundicioneslevante.com\/?page_id=207","title":{"rendered":"Pol\u00edtica de privacidad"},"content":{"rendered":"\t\t<div data-elementor-type=\"wp-page\" data-elementor-id=\"207\" class=\"elementor elementor-207\">\n\t\t\t\t\t\t<section class=\"elementor-section elementor-top-section elementor-element elementor-element-3af0db00 elementor-section-boxed elementor-section-height-default elementor-section-height-default\" data-id=\"3af0db00\" data-element_type=\"section\" data-e-type=\"section\">\n\t\t\t\t\t\t<div class=\"elementor-container elementor-column-gap-default\">\n\t\t\t\t\t<div class=\"elementor-column elementor-col-100 elementor-top-column elementor-element elementor-element-58263fb0\" data-id=\"58263fb0\" data-element_type=\"column\" data-e-type=\"column\">\n\t\t\t<div class=\"elementor-widget-wrap elementor-element-populated\">\n\t\t\t\t\t\t<div class=\"elementor-element elementor-element-636720ab elementor-widget elementor-widget-text-editor\" data-id=\"636720ab\" data-element_type=\"widget\" data-e-type=\"widget\" data-widget_type=\"text-editor.default\">\n\t\t\t\t<div class=\"elementor-widget-container\">\n\t\t\t\t\t\t\t\t\t<h3>INTRODUCCI\u00d3N<\/h3>\n<p>En Fundiciones Levante, sensibilizados con las necesidades de los usuarios de Internet y conscientes de la importancia de la rigurosa privacidad de la informaci\u00f3n personal que nos conf\u00edan, incluimos esta declaraci\u00f3n de privacidad con el objeto de que seas consciente de la pol\u00edtica en el tratamiento de los datos personales que obtiene de sus visitantes y usuarios.<\/p>\n<p>Como usuario, aceptas estas condiciones por el mero hecho de leer, visualizar o navegar en el sitio. De no aceptarlas, debes abandonar el sitio, sin hacer uso alguno de \u00e9l y su contenido, y sin acceder a las p\u00e1ginas enlazadas.<\/p>\n<h3 id='responsable'>RESPONSABLE DEL TRATAMIENTO DE DATOS<\/h3>\n<p>El titular del sitio y responsable del tratamiento de datos es CONSTRUCCIONES FERROVIARIAS LEVANTE SL, con NIF B98308216, para contactar puedes utilizar la direcci\u00f3n de correo electr\u00f3nico <a href=\"mailto:i%6ed&#117;&#115;t%72%69asc&#102;%6c&#64;%67&#109;ai&#108;.co&#109;\">&#105;n&#100;us&#116;r&#105;&#97;&#115;&#99;f&#108;&#64;g&#109;&#97;&#105;l&#46;&#99;o&#109;<\/a>, el tel\u00e9fono 965560425 o correo postal a Carretera Villar de Olmos, 17, Calles, 5 ,, c\u00f3digo postal 4617 de Calles, Valencia.<\/p>\n<h3 id='finalidad'>FINALIDAD DEL TRATAMIENTO DE DATOS<\/h3>\n<p>En nuestros sitios web, existen unos apartados espec\u00edficos donde puedes anotar tus datos para recibir informaci\u00f3n sobre actualizaciones de nuestra web y de algunos los programas que se distribuyen. Nosotros te aseguramos que la informaci\u00f3n que nos facilites ser\u00e1 gestionada de forma totalmente confidencial.<\/p>\n<p>Formulario de contacto: Mantener el contacto contigo u otras acciones obligatorias.<\/p>\n<p>Los datos se almacenar\u00e1n mientras exista previsi\u00f3n de su uso para el fin por el que fueron recabados.<\/p>\n<p>No se realizan tomas de decisiones automatizadas con tus datos.<\/p>\n<p>La web puede utilizar cookies, consulta nuestra <a href=\"https:\/\/fundicioneslevante.com\/cookies\/\">pol\u00edtica de cookies<\/a>.<\/p>\n<h3 id='legitimacion'>LEGITIMACI\u00d3N DEL TRATAMIENTO DE DATOS<\/h3>\n<p>El uso de tus datos se realiza porque nos das tu consentimiento para usar los que nos proporcionas en los formularios para un uso espec\u00edfico que se indica en cada uno de ellos. Tus datos solo son necesarios para los usos concretos por los que se te solicitan, si no nos los facilitas, esos servicios no son posibles.<\/p>\n<h3 id='transferencia'>TRANSFERENCIAS Y CESIONES DE DATOS<\/h3>\n<p>Existe un compromiso firme por nuestra parte de que los datos que proporcione a Fundiciones Levante, no ser\u00e1n vendidos ni cedidos a terceras personas sin el previo consentimiento del interesado bajo ning\u00fan concepto o circunstancia, salvo consentimiento expreso u obligaci\u00f3n legal.<\/p>\n<p>Nuestro sitio web contiene enlaces hacia sitios web de terceros. Fundiciones Levante no se hace responsable por las pol\u00edticas y pr\u00e1cticas de privacidad de estos otros sitios.<\/p>\n<h3 id='derechos'>DERECHOS DE LOS INTERESADOS<\/h3>\n<p>Tienes el derecho de acceder a la informaci\u00f3n que sobre tu persona est\u00e1 almacenada en nuestras bases de datos, rectificarla si existiera alguna errata, suprimirla, limitarla, oponerte a su tratamiento y retirar tu consentimiento si ese es tu deseo. Para ello simplemente debes escribir un e-mail a la direcci\u00f3n de correo electr\u00f3nico <a href=\"mailto:&#105;&#110;du&#115;t&#114;&#105;a%73%63%66l&#64;&#103;%6d%61&#105;%6c&#46;%63%6f%6d\">in&#100;&#117;&#115;&#116;ri&#97;&#115;cfl&#64;g&#109;a&#105;l.&#99;o&#109;<\/a> donde te atenderemos gustosamente cualquier consulta, comentario o aclaraci\u00f3n requerida al respecto.<\/p>\n<p>Para mayor informaci\u00f3n sobre temas relacionados, el sitio de referencia en la Red espa\u00f1ola es la <a href=\"https:\/\/www.agpd.es\/\">Agencia de Protecci\u00f3n de Datos<\/a>, donde tienes derecho a reclamar.<\/p>\n\n\n\n<p><\/p>\n\t\t\t\t\t\t\t\t<\/div>\n\t\t\t\t<\/div>\n\t\t\t\t\t<\/div>\n\t\t<\/div>\n\t\t\t\t\t<\/div>\n\t\t<\/section>\n\t\t\t\t<section class=\"elementor-section elementor-top-section elementor-element elementor-element-b41078e elementor-section-boxed elementor-section-height-default elementor-section-height-default\" data-id=\"b41078e\" data-element_type=\"section\" data-e-type=\"section\">\n\t\t\t\t\t\t<div class=\"elementor-container elementor-column-gap-default\">\n\t\t\t\t\t<div class=\"elementor-column elementor-col-100 elementor-top-column elementor-element elementor-element-f1ebccc\" data-id=\"f1ebccc\" data-element_type=\"column\" data-e-type=\"column\">\n\t\t\t<div class=\"elementor-widget-wrap elementor-element-populated\">\n\t\t\t\t\t\t<div class=\"elementor-element elementor-element-f304f6d elementor-widget elementor-widget-text-editor\" data-id=\"f304f6d\" data-element_type=\"widget\" data-e-type=\"widget\" data-widget_type=\"text-editor.default\">\n\t\t\t\t<div class=\"elementor-widget-container\">\n\t\t\t\t\t\t\t\t\t<p>En cumplimiento del Real Decreto-ley 13\/12,de 30 de marzo.<\/p>\n<p>Le aviso que en este sitio se puede utilizar cookies cuando el usuario navega por las diferentes p\u00e1ginas del sitio. Durante el uso de nuestra p\u00e1gina web acepta y autoriza expresamente el uso de cookies, de acuerdo con nuestra pol\u00edtica de privacidad. \u00bfQu\u00e9 son las cookies? Una cookie es un fichero muy peque\u00f1o que se descarga en el ordenador\/smartphone\/tablet del usuario al acceder a determinadas p\u00e1ginas web para almacenar y recuperar informaci\u00f3n sobre la navegaci\u00f3n que se efect\u00faa desde dicho equipo. Para conocer m\u00e1s informaci\u00f3n sobre las cookies, le invito a acceder al siguiente enlace: \u00bfPara qu\u00e9 sirven las cookies? La utilizaci\u00f3n de las cookies tiene como finalidad exclusiva recordar las preferencias del usuario (idioma, pa\u00eds, inicio de sesi\u00f3n, caracter\u00edsticas de su navegador, informaci\u00f3n de uso de nuestra Web, etc.) y as\u00ed podremos ofrecerle una mejor experiencia de navegaci\u00f3n.<\/p>\n<p>Normalmente los sitios Web utilizan las cookies para obtener informaci\u00f3n estad\u00edstica sobre sus p\u00e1ginas Web. Tenga en cuenta que recogemos datos sobre sus movimientos y uso de nuestra Web como datos estad\u00edsticos, no personales.<\/p>\n<p>A continuaci\u00f3n se presenta una lista de las cookies que puede encontrar en nuestro sitio Web y una breve descripci\u00f3n de su finalidad. Le aseguramos que ninguna de ellas conserva informaci\u00f3n de identificaci\u00f3n personal sobre usted. Algunas cookies personalizan su visita, otras recuerdan sus preferencias, mientras que otras solo nos proveen estad\u00edsticas de los visitantes.<br \/>Cookies propias<br \/>Estrictamente necesarias: para una agradable navegaci\u00f3n.<br \/>Cookies de terceros<br \/>Google Analytics,su finalidad es hacer informes estad\u00edsticos sobre n\u00famero de visitas, p\u00e1ginas o secciones visitadas, tiempo de navegaci\u00f3n, sitios visitados antes de entrar en esta p\u00e1gina, detalles sobre los navegadores usados.<br \/>Salvaguardias de protecci\u00f3n<\/p>\n<p>El usuario puede configurar su navegador para aceptar, o no, las cookies que recibe o para que el navegador le avise cuando un servidor quiera guardar una cookie o borrarlas de su ordenador. Puede encontrar las instrucciones en la configuraci\u00f3n de seguridad en su navegador Web.<br \/>Ejemplos:<br \/>\u2022 Si utiliza Microsoft Internet Explorer, en la opci\u00f3n de men\u00fa Herramientas &gt; Opciones de Internet &gt; Privacidad &gt; Configuraci\u00f3n.<\/p>\n<p>\u2022 Si utiliza Firefox, en la opci\u00f3n de men\u00fa Herramientas &gt; Opciones &gt; Privacidad &gt; Cookies.<\/p>\n<p>\u2022 Si utiliza Google Chrome, en la opci\u00f3n de men\u00fa Configuraci\u00f3n &gt; Privacidad.<\/p>\n<p>\u2022 Si utiliza Safari, en la opci\u00f3n de men\u00fa Preferencias &gt; Seguridad.<\/p>\n<p>Puede hacer uso de la secci\u00f3n \u201cAyuda\u201d que encontrar\u00e1 en la barra de herramientas de la mayor\u00eda de navegadores para cambiar los ajustes de su ordenador. Muchos navegadores permiten activar un modo privado mediante el cual las cookies se borran siempre despu\u00e9s de su visita. Dependiendo de cada navegador, este modo privado puede tener diferentes nombres:<br \/>\u2013 Internet Explorer 8 y superior: InPrivate<\/p>\n<p>\u2013 FireFox 3.5 y superior: Navegaci\u00f3n Privada<\/p>\n<p>\u2013 Google Chrome 10 y superior: Inc\u00f3gnito<\/p>\n<p>\u2013 Safari 2 y superior: Navegaci\u00f3n Privada<\/p>\n<p>\u2013 Opera 10.5 y superior: Navegaci\u00f3n Privada<\/p>\n<p>Por favor, lea atentamente la secci\u00f3n de ayuda de su navegador para conocer m\u00e1s acerca de como activar el \u201cmodo privado\u201d. Podr\u00e1 seguir visitando nuestra Web aunque su navegador est\u00e9 en \u201cmodo privado\u201d, no obstante, la experiencia de usuario puede no ser \u00f3ptima y algunas utilidades pueden no funcionar<\/p>\t\t\t\t\t\t\t\t<\/div>\n\t\t\t\t<\/div>\n\t\t\t\t\t<\/div>\n\t\t<\/div>\n\t\t\t\t\t<\/div>\n\t\t<\/section>\n\t\t\t\t<\/div>\n\t\t","protected":false},"excerpt":{"rendered":"<p>En cumplimiento del Real Decreto-ley 13\/12,de 30 de marzo. Le aviso que en este sitio se puede utilizar cookies cuando [&hellip;]<\/p>\n","protected":false},"author":1,"featured_media":0,"parent":0,"menu_order":0,"comment_status":"closed","ping_status":"closed","template":"","meta":{"_exactmetrics_skip_tracking":false,"_exactmetrics_sitenote_active":false,"_exactmetrics_sitenote_note":"","_exactmetrics_sitenote_category":0,"site-sidebar-layout":"default","site-content-layout":"","ast-site-content-layout":"default","site-content-style":"default","site-sidebar-style":"default","ast-global-header-display":"","ast-banner-title-visibility":"","ast-main-header-display":"","ast-hfb-above-header-display":"","ast-hfb-below-header-display":"","ast-hfb-mobile-header-display":"","site-post-title":"","ast-breadcrumbs-content":"","ast-featured-img":"","footer-sml-layout":"","ast-disable-related-posts":"","theme-transparent-header-meta":"","adv-header-id-meta":"","stick-header-meta":"","header-above-stick-meta":"","header-main-stick-meta":"","header-below-stick-meta":"","astra-migrate-meta-layouts":"default","ast-page-background-enabled":"default","ast-page-background-meta":{"desktop":{"background-color":"var(--ast-global-color-5)","background-image":"","background-repeat":"repeat","background-position":"center center","background-size":"auto","background-attachment":"scroll","background-type":"","background-media":"","overlay-type":"","overlay-color":"","overlay-opacity":"","overlay-gradient":""},"tablet":{"background-color":"","background-image":"","background-repeat":"repeat","background-position":"center center","background-size":"auto","background-attachment":"scroll","background-type":"","background-media":"","overlay-type":"","overlay-color":"","overlay-opacity":"","overlay-gradient":""},"mobile":{"background-color":"","background-image":"","background-repeat":"repeat","background-position":"center center","background-size":"auto","background-attachment":"scroll","background-type":"","background-media":"","overlay-type":"","overlay-color":"","overlay-opacity":"","overlay-gradient":""}},"ast-content-background-meta":{"desktop":{"background-color":"var(--ast-global-color-4)","background-image":"","background-repeat":"repeat","background-position":"center center","background-size":"auto","background-attachment":"scroll","background-type":"","background-media":"","overlay-type":"","overlay-color":"","overlay-opacity":"","overlay-gradient":""},"tablet":{"background-color":"var(--ast-global-color-4)","background-image":"","background-repeat":"repeat","background-position":"center center","background-size":"auto","background-attachment":"scroll","background-type":"","background-media":"","overlay-type":"","overlay-color":"","overlay-opacity":"","overlay-gradient":""},"mobile":{"background-color":"var(--ast-global-color-4)","background-image":"","background-repeat":"repeat","background-position":"center center","background-size":"auto","background-attachment":"scroll","background-type":"","background-media":"","overlay-type":"","overlay-color":"","overlay-opacity":"","overlay-gradient":""}},"footnotes":""},"class_list":["post-207","page","type-page","status-publish","hentry"],"jetpack_sharing_enabled":true,"_links":{"self":[{"href":"https:\/\/fundicioneslevante.com\/index.php?rest_route=\/wp\/v2\/pages\/207","targetHints":{"allow":["GET"]}}],"collection":[{"href":"https:\/\/fundicioneslevante.com\/index.php?rest_route=\/wp\/v2\/pages"}],"about":[{"href":"https:\/\/fundicioneslevante.com\/index.php?rest_route=\/wp\/v2\/types\/page"}],"author":[{"embeddable":true,"href":"https:\/\/fundicioneslevante.com\/index.php?rest_route=\/wp\/v2\/users\/1"}],"replies":[{"embeddable":true,"href":"https:\/\/fundicioneslevante.com\/index.php?rest_route=%2Fwp%2Fv2%2Fcomments&post=207"}],"version-history":[{"count":3,"href":"https:\/\/fundicioneslevante.com\/index.php?rest_route=\/wp\/v2\/pages\/207\/revisions"}],"predecessor-version":[{"id":338,"href":"https:\/\/fundicioneslevante.com\/index.php?rest_route=\/wp\/v2\/pages\/207\/revisions\/338"}],"wp:attachment":[{"href":"https:\/\/fundicioneslevante.com\/index.php?rest_route=%2Fwp%2Fv2%2Fmedia&parent=207"}],"curies":[{"name":"wp","href":"https:\/\/api.w.org\/{rel}","templated":true}]}}